{"id":411,"date":"2018-07-08T15:09:21","date_gmt":"2018-07-08T13:09:21","guid":{"rendered":"http:\/\/bam-avocats.fr\/?page_id=411"},"modified":"2024-07-11T18:36:01","modified_gmt":"2024-07-11T16:36:01","slug":"accueil","status":"publish","type":"page","link":"https:\/\/bam-avocats.fr\/en_en\/","title":{"rendered":"Accueil"},"content":{"rendered":"<div data-elementor-type=\"wp-post\" data-elementor-id=\"411\" class=\"elementor elementor-411\" data-elementor-post-type=\"page\">\n\t\t\t\t\t\t<section class=\"elementor-section elementor-top-section elementor-element elementor-element-25847a0b elementor-section-boxed elementor-section-height-default elementor-section-height-default\" data-id=\"25847a0b\" data-element_type=\"section\" data-e-type=\"section\">\n\t\t\t\t\t\t<div class=\"elementor-container elementor-column-gap-extended\">\n\t\t\t\t\t<div class=\"elementor-column elementor-col-100 elementor-top-column elementor-element elementor-element-494644c7 sc_inner_width_none sc_layouts_column_icons_position_left\" data-id=\"494644c7\" data-element_type=\"column\" data-e-type=\"column\">\n\t\t\t<div class=\"elementor-widget-wrap elementor-element-populated\">\n\t\t\t\t\t\t<div class=\"elementor-element elementor-element-6684f1bb elementor-widget elementor-widget-trx_sc_title\" data-id=\"6684f1bb\" data-element_type=\"widget\" data-e-type=\"widget\" data-widget_type=\"trx_sc_title.default\">\n\t\t\t\t<div class=\"elementor-widget-container\">\n\t\t\t\t\t<div id=\"trx_sc_title_205055368\"\n\t\tclass=\"sc_title sc_title_accent\"><h6 class=\"sc_item_subtitle sc_title_subtitle sc_align_center sc_item_title_style_accent\"> <\/h6><h2 class=\"sc_item_title sc_title_title sc_align_center sc_item_title_style_accent\">Le Cabinet<\/h2><div class=\"sc_item_descr sc_title_descr sc_align_center\"><\/div><\/div><!-- \/.sc_title -->\t\t\t\t<\/div>\n\t\t\t\t<\/div>\n\t\t\t\t<div class=\"elementor-element elementor-element-fc2f38b elementor-widget elementor-widget-text-editor\" data-id=\"fc2f38b\" data-element_type=\"widget\" data-e-type=\"widget\" data-widget_type=\"text-editor.default\">\n\t\t\t\t<div class=\"elementor-widget-container\">\n\t\t\t\t\t\t\t\t\t<p style=\"font-weight: 400; text-align: center;\">Le cabinet BAM AVOCATS a \u00e9t\u00e9 cr\u00e9\u00e9 en 2018 par ses trois associ\u00e9s fondateurs, Me MERCIER, Me BERMOND et Me MANGIN.<br \/>Il \u00e9tait une soci\u00e9t\u00e9 civile de moyen, avant de devenir une soci\u00e9t\u00e9 d\u2019exercice lib\u00e9ral \u00e0 compter de janvier 2022.<br \/><strong>Le cabinet intervient principalement en mati\u00e8re p\u00e9nale<\/strong>.<\/p>\t\t\t\t\t\t\t\t<\/div>\n\t\t\t\t<\/div>\n\t\t\t\t\t<\/div>\n\t\t<\/div>\n\t\t\t\t\t<\/div>\n\t\t<\/section>\n\t\t\t\t<section class=\"elementor-section elementor-top-section elementor-element elementor-element-f22d99a elementor-section-boxed elementor-section-height-default elementor-section-height-default\" data-id=\"f22d99a\" data-element_type=\"section\" data-e-type=\"section\">\n\t\t\t\t\t\t<div class=\"elementor-container elementor-column-gap-extended\">\n\t\t\t\t\t<div class=\"elementor-column elementor-col-100 elementor-top-column elementor-element elementor-element-3c51555 sc_inner_width_none sc_layouts_column_icons_position_left\" data-id=\"3c51555\" data-element_type=\"column\" data-e-type=\"column\">\n\t\t\t<div class=\"elementor-widget-wrap elementor-element-populated\">\n\t\t\t\t\t\t<div class=\"elementor-element elementor-element-66465fe elementor-widget elementor-widget-spacer\" data-id=\"66465fe\" data-element_type=\"widget\" data-e-type=\"widget\" data-widget_type=\"spacer.default\">\n\t\t\t\t<div class=\"elementor-widget-container\">\n\t\t\t\t\t\t\t<div class=\"elementor-spacer\">\n\t\t\t<div class=\"elementor-spacer-inner\"><\/div>\n\t\t<\/div>\n\t\t\t\t\t\t<\/div>\n\t\t\t\t<\/div>\n\t\t\t\t\t<\/div>\n\t\t<\/div>\n\t\t\t\t\t<\/div>\n\t\t<\/section>\n\t\t\t\t<section class=\"elementor-section elementor-top-section elementor-element elementor-element-639396a7 elementor-section-content-middle elementor-section-stretched elementor-section-boxed elementor-section-height-default elementor-section-height-default\" data-id=\"639396a7\" data-element_type=\"section\" data-e-type=\"section\" data-settings=\"{&quot;background_background&quot;:&quot;classic&quot;,&quot;stretch_section&quot;:&quot;section-stretched&quot;}\">\n\t\t\t\t\t\t<div class=\"elementor-container elementor-column-gap-extended\">\n\t\t\t\t\t<div class=\"elementor-column elementor-col-100 elementor-top-column elementor-element elementor-element-1c363113 sc_inner_width_none sc_layouts_column_icons_position_left\" data-id=\"1c363113\" data-element_type=\"column\" data-e-type=\"column\">\n\t\t\t<div class=\"elementor-widget-wrap elementor-element-populated\">\n\t\t\t\t\t\t<div class=\"elementor-element elementor-element-228a2afc elementor-widget elementor-widget-trx_sc_title\" data-id=\"228a2afc\" data-element_type=\"widget\" data-e-type=\"widget\" data-widget_type=\"trx_sc_title.default\">\n\t\t\t\t<div class=\"elementor-widget-container\">\n\t\t\t\t\t<div id=\"trx_sc_title_25931060\"\n\t\tclass=\"sc_title sc_title_accent\"><h6 class=\"sc_item_subtitle sc_title_subtitle sc_align_center sc_item_title_style_accent\"> <\/h6><h2 class=\"sc_item_title sc_title_title sc_align_center sc_item_title_style_accent sc_item_title_tag\">L'\u00e9quipe BAM avocats<\/h2><div class=\"sc_item_descr sc_title_descr sc_align_center\"><\/div><\/div><!-- \/.sc_title -->\t\t\t\t<\/div>\n\t\t\t\t<\/div>\n\t\t\t\t<div class=\"elementor-element elementor-element-3f1982a elementor-align-center elementor-widget elementor-widget-button\" data-id=\"3f1982a\" data-element_type=\"widget\" data-e-type=\"widget\" data-widget_type=\"button.default\">\n\t\t\t\t<div class=\"elementor-widget-container\">\n\t\t\t\t\t\t\t\t\t<div class=\"elementor-button-wrapper\">\n\t\t\t\t\t<a class=\"elementor-button elementor-button-link elementor-size-md\" href=\"https:\/\/bam-avocats.fr\/en_en\/accueil\/equipe-bam-avocats\/\">\n\t\t\t\t\t\t<span class=\"elementor-button-content-wrapper\">\n\t\t\t\t\t\t\t\t\t<span class=\"elementor-button-text\">EN SAVOIR PLUS<\/span>\n\t\t\t\t\t<\/span>\n\t\t\t\t\t<\/a>\n\t\t\t\t<\/div>\n\t\t\t\t\t\t\t\t<\/div>\n\t\t\t\t<\/div>\n\t\t\t\t\t<\/div>\n\t\t<\/div>\n\t\t\t\t\t<\/div>\n\t\t<\/section>\n\t\t\t\t<section class=\"elementor-section elementor-top-section elementor-element elementor-element-b8a0733 elementor-section-stretched elementor-section-boxed elementor-section-height-default elementor-section-height-default\" data-id=\"b8a0733\" data-element_type=\"section\" data-e-type=\"section\" data-settings=\"{&quot;stretch_section&quot;:&quot;section-stretched&quot;,&quot;background_background&quot;:&quot;classic&quot;}\">\n\t\t\t\t\t\t<div class=\"elementor-container elementor-column-gap-extended\">\n\t\t\t\t\t<div class=\"elementor-column elementor-col-100 elementor-top-column elementor-element elementor-element-03015a3 sc_inner_width_none sc_layouts_column_icons_position_left\" data-id=\"03015a3\" data-element_type=\"column\" data-e-type=\"column\">\n\t\t\t<div class=\"elementor-widget-wrap elementor-element-populated\">\n\t\t\t\t\t\t<div class=\"elementor-element elementor-element-1d5a2da elementor-widget elementor-widget-spacer\" data-id=\"1d5a2da\" data-element_type=\"widget\" data-e-type=\"widget\" data-widget_type=\"spacer.default\">\n\t\t\t\t<div class=\"elementor-widget-container\">\n\t\t\t\t\t\t\t<div class=\"elementor-spacer\">\n\t\t\t<div class=\"elementor-spacer-inner\"><\/div>\n\t\t<\/div>\n\t\t\t\t\t\t<\/div>\n\t\t\t\t<\/div>\n\t\t\t\t<div class=\"elementor-element elementor-element-cfbe2f3 elementor-widget elementor-widget-trx_sc_team\" data-id=\"cfbe2f3\" data-element_type=\"widget\" data-e-type=\"widget\" data-widget_type=\"trx_sc_team.default\">\n\t\t\t\t<div class=\"elementor-widget-container\">\n\t\t\t\t\t<div  id=\"trx_sc_team_1579645243\"\t\tclass=\"sc_team sc_team_short\"><div class=\"sc_team_columns_wrap sc_item_columns sc_item_posts_container trx_addons_columns_wrap columns_padding_bottom\"><div class=\"trx_addons_column-1_3\"><div class=\"sc_team_item no_links post-1907 cpt_team type-cpt_team status-publish has-post-thumbnail hentry cpt_team_group-associes\">\n\t<div class=\"post_featured with_thumb hover_icon sc_team_item_thumb\"><img fetchpriority=\"high\" decoding=\"async\" width=\"640\" height=\"733\" src=\"https:\/\/bam-avocats.fr\/wp-content\/uploads\/2020\/04\/DSCF4426-640x733.jpg\" class=\"attachment-justitia-thumb-big-vertical size-justitia-thumb-big-vertical wp-post-image\" alt=\"\" srcset=\"https:\/\/bam-avocats.fr\/wp-content\/uploads\/2020\/04\/DSCF4426-640x733.jpg 640w, https:\/\/bam-avocats.fr\/wp-content\/uploads\/2020\/04\/DSCF4426-1280x1466.jpg 1280w\" sizes=\"(max-width: 640px) 100vw, 640px\" \/>\t\t\t\t\t\t<div class=\"mask\"><\/div>\n\t\t\t\t\t\t\t\t\t<div class=\"icons\"><a href=\"https:\/\/bam-avocats.fr\/en_en\/team\/me-gregoire-mercier\/\"  aria-hidden=\"true\" class=\"icon-search-alt\"><\/a><\/div>\n\t\t\t<\/div>\t<div class=\"sc_team_item_info\">\n\t\t<div class=\"sc_team_item_header\">\n            <div class=\"sc_team_item_subtitle\">Avocat<\/div>\n            <h4 class=\"sc_team_item_title\"><a href=\"https:\/\/bam-avocats.fr\/en_en\/team\/me-gregoire-mercier\/\">Me Gr\u00e9goire Mercier<\/a><\/h4>\n\t\t<\/div>\n        <div class=\"sc_team_item_socials socials_wrap\">\n                    <\/div>\n\t<\/div>\n<\/div>\n<\/div><div class=\"trx_addons_column-1_3\"><div class=\"sc_team_item no_links post-1904 cpt_team type-cpt_team status-publish has-post-thumbnail hentry cpt_team_group-associes\">\n\t<div class=\"post_featured with_thumb hover_icon sc_team_item_thumb\"><img decoding=\"async\" width=\"640\" height=\"733\" src=\"https:\/\/bam-avocats.fr\/wp-content\/uploads\/2020\/04\/DSCF4430-640x733.jpg\" class=\"attachment-justitia-thumb-big-vertical size-justitia-thumb-big-vertical wp-post-image\" alt=\"\" srcset=\"https:\/\/bam-avocats.fr\/wp-content\/uploads\/2020\/04\/DSCF4430-640x733.jpg 640w, https:\/\/bam-avocats.fr\/wp-content\/uploads\/2020\/04\/DSCF4430-1280x1466.jpg 1280w\" sizes=\"(max-width: 640px) 100vw, 640px\" \/>\t\t\t\t\t\t<div class=\"mask\"><\/div>\n\t\t\t\t\t\t\t\t\t<div class=\"icons\"><a href=\"https:\/\/bam-avocats.fr\/en_en\/team\/me-francois-bermond\/\"  aria-hidden=\"true\" class=\"icon-search-alt\"><\/a><\/div>\n\t\t\t<\/div>\t<div class=\"sc_team_item_info\">\n\t\t<div class=\"sc_team_item_header\">\n            <div class=\"sc_team_item_subtitle\">Avocat<\/div>\n            <h4 class=\"sc_team_item_title\"><a href=\"https:\/\/bam-avocats.fr\/en_en\/team\/me-francois-bermond\/\">Me Fran\u00e7ois Bermond<\/a><\/h4>\n\t\t<\/div>\n        <div class=\"sc_team_item_socials socials_wrap\">\n                    <\/div>\n\t<\/div>\n<\/div>\n<\/div><div class=\"trx_addons_column-1_3\"><div class=\"sc_team_item no_links post-1900 cpt_team type-cpt_team status-publish has-post-thumbnail hentry cpt_team_group-associes\">\n\t<div class=\"post_featured with_thumb hover_icon sc_team_item_thumb\"><img decoding=\"async\" width=\"640\" height=\"733\" src=\"https:\/\/bam-avocats.fr\/wp-content\/uploads\/2020\/04\/DSCF4434-2-640x733.jpg\" class=\"attachment-justitia-thumb-big-vertical size-justitia-thumb-big-vertical wp-post-image\" alt=\"\" \/>\t\t\t\t\t\t<div class=\"mask\"><\/div>\n\t\t\t\t\t\t\t\t\t<div class=\"icons\"><a href=\"https:\/\/bam-avocats.fr\/en_en\/team\/me-solene-mangin\/\"  aria-hidden=\"true\" class=\"icon-search-alt\"><\/a><\/div>\n\t\t\t<\/div>\t<div class=\"sc_team_item_info\">\n\t\t<div class=\"sc_team_item_header\">\n            <div class=\"sc_team_item_subtitle\">Avocat<\/div>\n            <h4 class=\"sc_team_item_title\"><a href=\"https:\/\/bam-avocats.fr\/en_en\/team\/me-solene-mangin\/\">Me Sol\u00e8ne Mangin<\/a><\/h4>\n\t\t<\/div>\n        <div class=\"sc_team_item_socials socials_wrap\">\n                    <\/div>\n\t<\/div>\n<\/div>\n<\/div><\/div><\/div><!-- \/.sc_team -->\t\t\t\t<\/div>\n\t\t\t\t<\/div>\n\t\t\t\t\t<\/div>\n\t\t<\/div>\n\t\t\t\t\t<\/div>\n\t\t<\/section>\n\t\t\t\t<section class=\"elementor-section elementor-top-section elementor-element elementor-element-90a660c elementor-section-boxed elementor-section-height-default elementor-section-height-default\" data-id=\"90a660c\" data-element_type=\"section\" data-e-type=\"section\">\n\t\t\t\t\t\t<div class=\"elementor-container elementor-column-gap-extended\">\n\t\t\t\t\t<div class=\"elementor-column elementor-col-100 elementor-top-column elementor-element elementor-element-c598428 sc_inner_width_none sc_layouts_column_icons_position_left\" data-id=\"c598428\" data-element_type=\"column\" data-e-type=\"column\">\n\t\t\t<div class=\"elementor-widget-wrap elementor-element-populated\">\n\t\t\t\t\t\t<div class=\"elementor-element elementor-element-c94fb87 elementor-widget elementor-widget-spacer\" data-id=\"c94fb87\" data-element_type=\"widget\" data-e-type=\"widget\" data-widget_type=\"spacer.default\">\n\t\t\t\t<div class=\"elementor-widget-container\">\n\t\t\t\t\t\t\t<div class=\"elementor-spacer\">\n\t\t\t<div class=\"elementor-spacer-inner\"><\/div>\n\t\t<\/div>\n\t\t\t\t\t\t<\/div>\n\t\t\t\t<\/div>\n\t\t\t\t\t<\/div>\n\t\t<\/div>\n\t\t\t\t\t<\/div>\n\t\t<\/section>\n\t\t\t\t<section class=\"elementor-section elementor-top-section elementor-element elementor-element-745125e elementor-section-boxed elementor-section-height-default elementor-section-height-default\" data-id=\"745125e\" data-element_type=\"section\" data-e-type=\"section\">\n\t\t\t\t\t\t<div class=\"elementor-container elementor-column-gap-extended\">\n\t\t\t\t\t<div class=\"elementor-column elementor-col-100 elementor-top-column elementor-element elementor-element-ee5e19e sc_inner_width_none sc_layouts_column_icons_position_left\" data-id=\"ee5e19e\" data-element_type=\"column\" data-e-type=\"column\">\n\t\t\t<div class=\"elementor-widget-wrap elementor-element-populated\">\n\t\t\t\t\t\t<div class=\"elementor-element elementor-element-ce4d9a5 elementor-widget elementor-widget-trx_sc_title\" data-id=\"ce4d9a5\" data-element_type=\"widget\" data-e-type=\"widget\" data-widget_type=\"trx_sc_title.default\">\n\t\t\t\t<div class=\"elementor-widget-container\">\n\t\t\t\t\t<div id=\"trx_sc_title_379183580\"\n\t\tclass=\"sc_title sc_title_accent\"><h6 class=\"sc_item_subtitle sc_title_subtitle sc_align_center sc_item_title_style_accent\"> <\/h6><h2 class=\"sc_item_title sc_title_title sc_align_center sc_item_title_style_accent\">Les Domaines d'interventions<\/h2><div class=\"sc_item_descr sc_title_descr sc_align_center\"><p>BAM AVOCATS propose plusieurs domaines de comp\u00e9tence et intervient particuli\u00e8rement en droit p\u00e9nal.<\/p>\n<\/div><\/div><!-- \/.sc_title -->\t\t\t\t<\/div>\n\t\t\t\t<\/div>\n\t\t\t\t<div class=\"elementor-element elementor-element-a121923 elementor-widget elementor-widget-spacer\" data-id=\"a121923\" data-element_type=\"widget\" data-e-type=\"widget\" data-widget_type=\"spacer.default\">\n\t\t\t\t<div class=\"elementor-widget-container\">\n\t\t\t\t\t\t\t<div class=\"elementor-spacer\">\n\t\t\t<div class=\"elementor-spacer-inner\"><\/div>\n\t\t<\/div>\n\t\t\t\t\t\t<\/div>\n\t\t\t\t<\/div>\n\t\t\t\t<div class=\"elementor-element elementor-element-f56be0a elementor-align-center elementor-widget elementor-widget-button\" data-id=\"f56be0a\" data-element_type=\"widget\" data-e-type=\"widget\" data-widget_type=\"button.default\">\n\t\t\t\t<div class=\"elementor-widget-container\">\n\t\t\t\t\t\t\t\t\t<div class=\"elementor-button-wrapper\">\n\t\t\t\t\t<a class=\"elementor-button elementor-button-link elementor-size-md\" href=\"https:\/\/bam-avocats.fr\/en_en\/accueil\/domaines-interventions\/\">\n\t\t\t\t\t\t<span class=\"elementor-button-content-wrapper\">\n\t\t\t\t\t\t\t\t\t<span class=\"elementor-button-text\">EN SAVOIR PLUS<\/span>\n\t\t\t\t\t<\/span>\n\t\t\t\t\t<\/a>\n\t\t\t\t<\/div>\n\t\t\t\t\t\t\t\t<\/div>\n\t\t\t\t<\/div>\n\t\t\t\t<div class=\"elementor-element elementor-element-65d7dc0 elementor-widget elementor-widget-spacer\" data-id=\"65d7dc0\" data-element_type=\"widget\" data-e-type=\"widget\" data-widget_type=\"spacer.default\">\n\t\t\t\t<div class=\"elementor-widget-container\">\n\t\t\t\t\t\t\t<div class=\"elementor-spacer\">\n\t\t\t<div class=\"elementor-spacer-inner\"><\/div>\n\t\t<\/div>\n\t\t\t\t\t\t<\/div>\n\t\t\t\t<\/div>\n\t\t\t\t\t<\/div>\n\t\t<\/div>\n\t\t\t\t\t<\/div>\n\t\t<\/section>\n\t\t\t\t<\/div>","protected":false},"excerpt":{"rendered":"<p>Le Cabinet Le cabinet BAM AVOCATS a \u00e9t\u00e9 cr\u00e9\u00e9 en 2018 par ses trois associ\u00e9s fondateurs, Me MERCIER, Me BERMOND et Me MANGIN.Il \u00e9tait une soci\u00e9t\u00e9 civile de moyen, avant de devenir une soci\u00e9t\u00e9 d\u2019exercice lib\u00e9ral \u00e0&hellip;<\/p>","protected":false},"author":1,"featured_media":0,"parent":0,"menu_order":1,"comment_status":"closed","ping_status":"closed","template":"","meta":{"footnotes":""},"class_list":["post-411","page","type-page","status-publish","hentry"],"_links":{"self":[{"href":"https:\/\/bam-avocats.fr\/en_en\/wp-json\/wp\/v2\/pages\/411","targetHints":{"allow":["GET"]}}],"collection":[{"href":"https:\/\/bam-avocats.fr\/en_en\/wp-json\/wp\/v2\/pages"}],"about":[{"href":"https:\/\/bam-avocats.fr\/en_en\/wp-json\/wp\/v2\/types\/page"}],"author":[{"embeddable":true,"href":"https:\/\/bam-avocats.fr\/en_en\/wp-json\/wp\/v2\/users\/1"}],"replies":[{"embeddable":true,"href":"https:\/\/bam-avocats.fr\/en_en\/wp-json\/wp\/v2\/comments?post=411"}],"version-history":[{"count":30,"href":"https:\/\/bam-avocats.fr\/en_en\/wp-json\/wp\/v2\/pages\/411\/revisions"}],"predecessor-version":[{"id":2371,"href":"https:\/\/bam-avocats.fr\/en_en\/wp-json\/wp\/v2\/pages\/411\/revisions\/2371"}],"wp:attachment":[{"href":"https:\/\/bam-avocats.fr\/en_en\/wp-json\/wp\/v2\/media?parent=411"}],"curies":[{"name":"wp","href":"https:\/\/api.w.org\/{rel}","templated":true}]}}