{"id":375,"date":"2018-07-08T08:38:45","date_gmt":"2018-07-08T06:38:45","guid":{"rendered":"http:\/\/bam-avocats.fr\/?page_id=375"},"modified":"2024-07-11T18:44:22","modified_gmt":"2024-07-11T16:44:22","slug":"honoraires","status":"publish","type":"page","link":"https:\/\/bam-avocats.fr\/en_en\/accueil\/honoraires\/","title":{"rendered":"Les honoraires"},"content":{"rendered":"<div data-elementor-type=\"wp-post\" data-elementor-id=\"375\" class=\"elementor elementor-375\" data-elementor-post-type=\"page\">\n\t\t\t\t\t\t<section class=\"elementor-section elementor-top-section elementor-element elementor-element-b6b6adb elementor-section-boxed elementor-section-height-default elementor-section-height-default\" data-id=\"b6b6adb\" data-element_type=\"section\" data-e-type=\"section\">\n\t\t\t\t\t\t<div class=\"elementor-container elementor-column-gap-extended\">\n\t\t\t\t\t<div class=\"elementor-column elementor-col-100 elementor-top-column elementor-element elementor-element-aa28c1c sc_inner_width_none sc_layouts_column_icons_position_left\" data-id=\"aa28c1c\" data-element_type=\"column\" data-e-type=\"column\">\n\t\t\t<div class=\"elementor-widget-wrap elementor-element-populated\">\n\t\t\t\t\t\t<div class=\"elementor-element elementor-element-89fc7bc elementor-widget elementor-widget-spacer\" data-id=\"89fc7bc\" data-element_type=\"widget\" data-e-type=\"widget\" data-widget_type=\"spacer.default\">\n\t\t\t\t<div class=\"elementor-widget-container\">\n\t\t\t\t\t\t\t<div class=\"elementor-spacer\">\n\t\t\t<div class=\"elementor-spacer-inner\"><\/div>\n\t\t<\/div>\n\t\t\t\t\t\t<\/div>\n\t\t\t\t<\/div>\n\t\t\t\t<div class=\"elementor-element elementor-element-2e5d83e elementor-widget__width-initial elementor-widget elementor-widget-text-editor\" data-id=\"2e5d83e\" data-element_type=\"widget\" data-e-type=\"widget\" data-widget_type=\"text-editor.default\">\n\t\t\t\t<div class=\"elementor-widget-container\">\n\t\t\t\t\t\t\t\t\t<p>Les Honoraires de l&#8217;Avocat sont r\u00e9gis par la combinaison des dispositions de la La loi du 31 d\u00e9cembre 1991 n\u00b01130, du d\u00e9cret du 27 novembre 1991 n\u00b011971 et du d\u00e9cret 12 juillet 2005 n\u00b0790.<\/p><p>Les honoraires de l&#8217;avocat\u00a0sont fix\u00e9s librement d\u2019un commun accord avec le client.<\/p><p>Les honoraires font l\u2019objet d\u2019une convention entre l&#8217;avocat et le client qui pr\u00e9cise le montant et le mode de d\u00e9termination des honoraires relatifs aux diligences pr\u00e9visibles, ainsi que les frais et d\u00e9bours envisag\u00e9s.<\/p><p>Les honoraires tiennent compte de la situation de fortune du client, de la difficult\u00e9 de l\u2019affaire, des frais expos\u00e9s par l&#8217;avocat, de sa notori\u00e9t\u00e9 et des diligences effectu\u00e9es. Un honoraire compl\u00e9mentaire peut \u00eatre pr\u00e9vu en fonction du r\u00e9sultat obtenu ou du service rendu.<\/p><p><strong><u>Pensez \u00e0 la garantie protection juridique<\/u><\/strong><\/p><p>Certains contrats d&#8217;assurance pr\u00e9voient une garantie dite &#8220;protection juridique&#8221;, pour le cas o\u00f9 vous seriez amen\u00e9s \u00e0 engager des frais pour une proc\u00e9dure judiciaire.<\/p><p>Cette garantie est souvent une option attach\u00e9e \u00e0 un contrat d&#8217;assurance; comme le contrat &#8220;multirisque habitation&#8221;.<\/p><p>En mati\u00e8re p\u00e9nale, elle profitera souvent aux victimes d&#8217;infractions, mais sera la plupart du temps exclue pour les auteurs poursuivis.<\/p><p>Cette garantie permet une prise en charges des honoraires de l&#8217;avocat, mais aussi des autres d\u00e9penses li\u00e9es \u00e0 la proc\u00e9dure, frais de Commissaires de Justice (Huissiers), frais d&#8217;expertise etc&#8230;<\/p><p>La prise en charge au titre de la protection juridique doit \u00eatre accept\u00e9e par le cabinet et l\u2019assureur.<\/p><p>La prise en charge des honoraires de l\u2019avocat par la garantie protection juridique fait l\u2019objet de plafonds. Ces plafonds permettront une prise en charge partielle ou totale des honoraires convenus avec le cabinet BAM AVOCATS.<\/p><p>N&#8217;h\u00e9sitez pas \u00e0 \u00e9voquer la question d\u00e8s le premier rendez vous avec votre avocat .\u00a0<\/p><p><strong><span style=\"text-decoration: underline;\">Aide juridictionnelle et PRO BONO<\/span> (Avocat intervenant gratuitement)<\/strong><\/p><p>Les associ\u00e9s du cabinet BAM AVOCATS ont toujours eu \u00e0 coeur de mettre leur \u00e9nergie et leurs comp\u00e9tences au profit de certaines causes, et parfois de personnes ayant besoin d&#8217;eux sans avoir les moyenrs de r\u00e9gler les honoraires.\u00a0<\/p><p>Le cabinet BAM AVOCATS acceptera occasionnellement d\u2019intervenir b\u00e9n\u00e9volement, ou bien au titre de l&#8217;aide juridictionnelle, dans des dossiers sp\u00e9ciaux, aussi bien au profit de particuliers que de personnes morales (syndicats, associations etc&#8230;).<\/p>\t\t\t\t\t\t\t\t<\/div>\n\t\t\t\t<\/div>\n\t\t\t\t\t<\/div>\n\t\t<\/div>\n\t\t\t\t\t<\/div>\n\t\t<\/section>\n\t\t\t\t<section class=\"elementor-section elementor-top-section elementor-element elementor-element-ca96abb elementor-section-boxed elementor-section-height-default elementor-section-height-default\" data-id=\"ca96abb\" data-element_type=\"section\" data-e-type=\"section\">\n\t\t\t\t\t\t<div class=\"elementor-container elementor-column-gap-extended\">\n\t\t\t\t\t<div class=\"elementor-column elementor-col-100 elementor-top-column elementor-element elementor-element-ca1fe28 sc_inner_width_none sc_layouts_column_icons_position_left\" data-id=\"ca1fe28\" data-element_type=\"column\" data-e-type=\"column\">\n\t\t\t<div class=\"elementor-widget-wrap elementor-element-populated\">\n\t\t\t\t\t\t<div class=\"elementor-element elementor-element-f819291 elementor-widget elementor-widget-spacer\" data-id=\"f819291\" data-element_type=\"widget\" data-e-type=\"widget\" data-widget_type=\"spacer.default\">\n\t\t\t\t<div class=\"elementor-widget-container\">\n\t\t\t\t\t\t\t<div class=\"elementor-spacer\">\n\t\t\t<div class=\"elementor-spacer-inner\"><\/div>\n\t\t<\/div>\n\t\t\t\t\t\t<\/div>\n\t\t\t\t<\/div>\n\t\t\t\t\t<\/div>\n\t\t<\/div>\n\t\t\t\t\t<\/div>\n\t\t<\/section>\n\t\t\t\t<section class=\"elementor-section elementor-top-section elementor-element elementor-element-92cc1f0 elementor-section-stretched elementor-section-boxed elementor-section-height-default elementor-section-height-default\" data-id=\"92cc1f0\" data-element_type=\"section\" data-e-type=\"section\" data-settings=\"{&quot;stretch_section&quot;:&quot;section-stretched&quot;,&quot;background_background&quot;:&quot;classic&quot;}\">\n\t\t\t\t\t\t<div class=\"elementor-container elementor-column-gap-extended\">\n\t\t\t\t\t<div class=\"elementor-column elementor-col-100 elementor-top-column elementor-element elementor-element-096180b sc_inner_width_none sc_layouts_column_icons_position_left\" data-id=\"096180b\" data-element_type=\"column\" data-e-type=\"column\">\n\t\t\t<div class=\"elementor-widget-wrap\">\n\t\t\t\t\t\t\t<\/div>\n\t\t<\/div>\n\t\t\t\t\t<\/div>\n\t\t<\/section>\n\t\t\t\t<\/div>","protected":false},"excerpt":{"rendered":"<p>Les Honoraires de l&#8217;Avocat sont r\u00e9gis par la combinaison des dispositions de la La loi du 31 d\u00e9cembre 1991 n\u00b01130, du d\u00e9cret du 27 novembre 1991 n\u00b011971 et du d\u00e9cret 12 juillet 2005 n\u00b0790. Les honoraires de&hellip;<\/p>","protected":false},"author":1,"featured_media":0,"parent":411,"menu_order":3,"comment_status":"closed","ping_status":"closed","template":"","meta":{"footnotes":""},"class_list":["post-375","page","type-page","status-publish","hentry"],"_links":{"self":[{"href":"https:\/\/bam-avocats.fr\/en_en\/wp-json\/wp\/v2\/pages\/375","targetHints":{"allow":["GET"]}}],"collection":[{"href":"https:\/\/bam-avocats.fr\/en_en\/wp-json\/wp\/v2\/pages"}],"about":[{"href":"https:\/\/bam-avocats.fr\/en_en\/wp-json\/wp\/v2\/types\/page"}],"author":[{"embeddable":true,"href":"https:\/\/bam-avocats.fr\/en_en\/wp-json\/wp\/v2\/users\/1"}],"replies":[{"embeddable":true,"href":"https:\/\/bam-avocats.fr\/en_en\/wp-json\/wp\/v2\/comments?post=375"}],"version-history":[{"count":85,"href":"https:\/\/bam-avocats.fr\/en_en\/wp-json\/wp\/v2\/pages\/375\/revisions"}],"predecessor-version":[{"id":2374,"href":"https:\/\/bam-avocats.fr\/en_en\/wp-json\/wp\/v2\/pages\/375\/revisions\/2374"}],"up":[{"embeddable":true,"href":"https:\/\/bam-avocats.fr\/en_en\/wp-json\/wp\/v2\/pages\/411"}],"wp:attachment":[{"href":"https:\/\/bam-avocats.fr\/en_en\/wp-json\/wp\/v2\/media?parent=375"}],"curies":[{"name":"wp","href":"https:\/\/api.w.org\/{rel}","templated":true}]}}