{"id":326,"date":"2018-07-07T13:31:57","date_gmt":"2018-07-07T11:31:57","guid":{"rendered":"http:\/\/bam-avocats.fr\/?page_id=326"},"modified":"2024-07-08T18:46:43","modified_gmt":"2024-07-08T16:46:43","slug":"equipe-bam-avocats","status":"publish","type":"page","link":"https:\/\/bam-avocats.fr\/en_en\/accueil\/equipe-bam-avocats\/","title":{"rendered":"L&#8217;\u00c9quipe BAM Avocats"},"content":{"rendered":"<div data-elementor-type=\"wp-post\" data-elementor-id=\"326\" class=\"elementor elementor-326\" data-elementor-post-type=\"page\">\n\t\t\t\t\t\t<section class=\"elementor-section elementor-top-section elementor-element elementor-element-99e69e6 elementor-section-boxed elementor-section-height-default elementor-section-height-default\" data-id=\"99e69e6\" data-element_type=\"section\" data-e-type=\"section\">\n\t\t\t\t\t\t<div class=\"elementor-container elementor-column-gap-extended\">\n\t\t\t\t\t<div class=\"elementor-column elementor-col-100 elementor-top-column elementor-element elementor-element-e2c105d sc_inner_width_none sc_layouts_column_icons_position_left\" data-id=\"e2c105d\" data-element_type=\"column\" data-e-type=\"column\">\n\t\t\t<div class=\"elementor-widget-wrap elementor-element-populated\">\n\t\t\t\t\t\t<div class=\"elementor-element elementor-element-7adce9d elementor-widget elementor-widget-spacer\" data-id=\"7adce9d\" data-element_type=\"widget\" data-e-type=\"widget\" data-widget_type=\"spacer.default\">\n\t\t\t\t<div class=\"elementor-widget-container\">\n\t\t\t\t\t\t\t<div class=\"elementor-spacer\">\n\t\t\t<div class=\"elementor-spacer-inner\"><\/div>\n\t\t<\/div>\n\t\t\t\t\t\t<\/div>\n\t\t\t\t<\/div>\n\t\t\t\t\t<\/div>\n\t\t<\/div>\n\t\t\t\t\t<\/div>\n\t\t<\/section>\n\t\t\t\t<section class=\"elementor-section elementor-top-section elementor-element elementor-element-2f0971a elementor-section-boxed elementor-section-height-default elementor-section-height-default\" data-id=\"2f0971a\" data-element_type=\"section\" data-e-type=\"section\">\n\t\t\t\t\t\t<div class=\"elementor-container elementor-column-gap-extended\">\n\t\t\t\t\t<div class=\"elementor-column elementor-col-100 elementor-top-column elementor-element elementor-element-37effaa sc_inner_width_none sc_layouts_column_icons_position_left\" data-id=\"37effaa\" data-element_type=\"column\" data-e-type=\"column\">\n\t\t\t<div class=\"elementor-widget-wrap elementor-element-populated\">\n\t\t\t\t\t\t<div class=\"elementor-element elementor-element-24cfdcb elementor-widget elementor-widget-trx_sc_title\" data-id=\"24cfdcb\" data-element_type=\"widget\" data-e-type=\"widget\" data-widget_type=\"trx_sc_title.default\">\n\t\t\t\t<div class=\"elementor-widget-container\">\n\t\t\t\t\t<div id=\"trx_sc_title_76224483\"\n\t\tclass=\"sc_title sc_title_accent\"><h4 class=\"sc_item_title sc_title_title sc_align_center sc_item_title_style_accent sc_item_title_tag\">Les Avocats associ\u00e9s<\/h4><div class=\"sc_item_descr sc_title_descr sc_align_center\"><\/div><\/div><!-- \/.sc_title -->\t\t\t\t<\/div>\n\t\t\t\t<\/div>\n\t\t\t\t<div class=\"elementor-element elementor-element-4710b08 elementor-widget elementor-widget-spacer\" data-id=\"4710b08\" data-element_type=\"widget\" data-e-type=\"widget\" data-widget_type=\"spacer.default\">\n\t\t\t\t<div class=\"elementor-widget-container\">\n\t\t\t\t\t\t\t<div class=\"elementor-spacer\">\n\t\t\t<div class=\"elementor-spacer-inner\"><\/div>\n\t\t<\/div>\n\t\t\t\t\t\t<\/div>\n\t\t\t\t<\/div>\n\t\t\t\t<div class=\"elementor-element elementor-element-e2c425d elementor-widget elementor-widget-trx_sc_team\" data-id=\"e2c425d\" data-element_type=\"widget\" data-e-type=\"widget\" data-widget_type=\"trx_sc_team.default\">\n\t\t\t\t<div class=\"elementor-widget-container\">\n\t\t\t\t\t<div  id=\"trx_sc_team_345849833\"\t\tclass=\"sc_team sc_team_short\"><div class=\"sc_team_columns_wrap sc_item_columns sc_item_posts_container trx_addons_columns_wrap columns_padding_bottom\"><div class=\"trx_addons_column-1_3\"><div class=\"sc_team_item no_links post-1907 cpt_team type-cpt_team status-publish has-post-thumbnail hentry cpt_team_group-associes\">\n\t<div class=\"post_featured with_thumb hover_icon sc_team_item_thumb\"><img fetchpriority=\"high\" decoding=\"async\" width=\"640\" height=\"733\" src=\"https:\/\/bam-avocats.fr\/wp-content\/uploads\/2020\/04\/DSCF4426-640x733.jpg\" class=\"attachment-justitia-thumb-big-vertical size-justitia-thumb-big-vertical wp-post-image\" alt=\"\" srcset=\"https:\/\/bam-avocats.fr\/wp-content\/uploads\/2020\/04\/DSCF4426-640x733.jpg 640w, https:\/\/bam-avocats.fr\/wp-content\/uploads\/2020\/04\/DSCF4426-1280x1466.jpg 1280w\" sizes=\"(max-width: 640px) 100vw, 640px\" \/>\t\t\t\t\t\t<div class=\"mask\"><\/div>\n\t\t\t\t\t\t\t\t\t<div class=\"icons\"><a href=\"https:\/\/bam-avocats.fr\/en_en\/team\/me-gregoire-mercier\/\"  aria-hidden=\"true\" class=\"icon-search-alt\"><\/a><\/div>\n\t\t\t<\/div>\t<div class=\"sc_team_item_info\">\n\t\t<div class=\"sc_team_item_header\">\n            <div class=\"sc_team_item_subtitle\">Avocat<\/div>\n            <h4 class=\"sc_team_item_title\"><a href=\"https:\/\/bam-avocats.fr\/en_en\/team\/me-gregoire-mercier\/\">Me Gr\u00e9goire Mercier<\/a><\/h4>\n\t\t<\/div>\n        <div class=\"sc_team_item_socials socials_wrap\">\n                    <\/div>\n\t<\/div>\n<\/div>\n<\/div><div class=\"trx_addons_column-1_3\"><div class=\"sc_team_item no_links post-1904 cpt_team type-cpt_team status-publish has-post-thumbnail hentry cpt_team_group-associes\">\n\t<div class=\"post_featured with_thumb hover_icon sc_team_item_thumb\"><img decoding=\"async\" width=\"640\" height=\"733\" src=\"https:\/\/bam-avocats.fr\/wp-content\/uploads\/2020\/04\/DSCF4430-640x733.jpg\" class=\"attachment-justitia-thumb-big-vertical size-justitia-thumb-big-vertical wp-post-image\" alt=\"\" srcset=\"https:\/\/bam-avocats.fr\/wp-content\/uploads\/2020\/04\/DSCF4430-640x733.jpg 640w, https:\/\/bam-avocats.fr\/wp-content\/uploads\/2020\/04\/DSCF4430-1280x1466.jpg 1280w\" sizes=\"(max-width: 640px) 100vw, 640px\" \/>\t\t\t\t\t\t<div class=\"mask\"><\/div>\n\t\t\t\t\t\t\t\t\t<div class=\"icons\"><a href=\"https:\/\/bam-avocats.fr\/en_en\/team\/me-francois-bermond\/\"  aria-hidden=\"true\" class=\"icon-search-alt\"><\/a><\/div>\n\t\t\t<\/div>\t<div class=\"sc_team_item_info\">\n\t\t<div class=\"sc_team_item_header\">\n            <div class=\"sc_team_item_subtitle\">Avocat<\/div>\n            <h4 class=\"sc_team_item_title\"><a href=\"https:\/\/bam-avocats.fr\/en_en\/team\/me-francois-bermond\/\">Me Fran\u00e7ois Bermond<\/a><\/h4>\n\t\t<\/div>\n        <div class=\"sc_team_item_socials socials_wrap\">\n                    <\/div>\n\t<\/div>\n<\/div>\n<\/div><div class=\"trx_addons_column-1_3\"><div class=\"sc_team_item no_links post-1900 cpt_team type-cpt_team status-publish has-post-thumbnail hentry cpt_team_group-associes\">\n\t<div class=\"post_featured with_thumb hover_icon sc_team_item_thumb\"><img decoding=\"async\" width=\"640\" height=\"733\" src=\"https:\/\/bam-avocats.fr\/wp-content\/uploads\/2020\/04\/DSCF4434-2-640x733.jpg\" class=\"attachment-justitia-thumb-big-vertical size-justitia-thumb-big-vertical wp-post-image\" alt=\"\" \/>\t\t\t\t\t\t<div class=\"mask\"><\/div>\n\t\t\t\t\t\t\t\t\t<div class=\"icons\"><a href=\"https:\/\/bam-avocats.fr\/en_en\/team\/me-solene-mangin\/\"  aria-hidden=\"true\" class=\"icon-search-alt\"><\/a><\/div>\n\t\t\t<\/div>\t<div class=\"sc_team_item_info\">\n\t\t<div class=\"sc_team_item_header\">\n            <div class=\"sc_team_item_subtitle\">Avocat<\/div>\n            <h4 class=\"sc_team_item_title\"><a href=\"https:\/\/bam-avocats.fr\/en_en\/team\/me-solene-mangin\/\">Me Sol\u00e8ne Mangin<\/a><\/h4>\n\t\t<\/div>\n        <div class=\"sc_team_item_socials socials_wrap\">\n                    <\/div>\n\t<\/div>\n<\/div>\n<\/div><\/div><\/div><!-- \/.sc_team -->\t\t\t\t<\/div>\n\t\t\t\t<\/div>\n\t\t\t\t<div class=\"elementor-element elementor-element-592cbfe elementor-widget elementor-widget-spacer\" data-id=\"592cbfe\" data-element_type=\"widget\" data-e-type=\"widget\" data-widget_type=\"spacer.default\">\n\t\t\t\t<div class=\"elementor-widget-container\">\n\t\t\t\t\t\t\t<div class=\"elementor-spacer\">\n\t\t\t<div class=\"elementor-spacer-inner\"><\/div>\n\t\t<\/div>\n\t\t\t\t\t\t<\/div>\n\t\t\t\t<\/div>\n\t\t\t\t\t<\/div>\n\t\t<\/div>\n\t\t\t\t\t<\/div>\n\t\t<\/section>\n\t\t\t\t<section class=\"elementor-section elementor-top-section elementor-element elementor-element-0000960 elementor-section-boxed elementor-section-height-default elementor-section-height-default\" data-id=\"0000960\" data-element_type=\"section\" data-e-type=\"section\">\n\t\t\t\t\t\t<div class=\"elementor-container elementor-column-gap-extended\">\n\t\t\t\t\t<div class=\"elementor-column elementor-col-100 elementor-top-column elementor-element elementor-element-c1c108f sc_inner_width_none sc_layouts_column_icons_position_left\" data-id=\"c1c108f\" data-element_type=\"column\" data-e-type=\"column\">\n\t\t\t<div class=\"elementor-widget-wrap elementor-element-populated\">\n\t\t\t\t\t\t<div class=\"elementor-element elementor-element-6132511 elementor-widget elementor-widget-trx_sc_title\" data-id=\"6132511\" data-element_type=\"widget\" data-e-type=\"widget\" data-widget_type=\"trx_sc_title.default\">\n\t\t\t\t<div class=\"elementor-widget-container\">\n\t\t\t\t\t<div id=\"trx_sc_title_1217387951\"\n\t\tclass=\"sc_title sc_title_accent\"><h4 class=\"sc_item_title sc_title_title sc_align_center sc_item_title_style_accent sc_item_title_tag\">Les Avocats collaborateurs<\/h4><div class=\"sc_item_descr sc_title_descr sc_align_center\"><\/div><\/div><!-- \/.sc_title -->\t\t\t\t<\/div>\n\t\t\t\t<\/div>\n\t\t\t\t<div class=\"elementor-element elementor-element-8b5d6d7 elementor-widget elementor-widget-spacer\" data-id=\"8b5d6d7\" data-element_type=\"widget\" data-e-type=\"widget\" data-widget_type=\"spacer.default\">\n\t\t\t\t<div class=\"elementor-widget-container\">\n\t\t\t\t\t\t\t<div class=\"elementor-spacer\">\n\t\t\t<div class=\"elementor-spacer-inner\"><\/div>\n\t\t<\/div>\n\t\t\t\t\t\t<\/div>\n\t\t\t\t<\/div>\n\t\t\t\t<div class=\"elementor-element elementor-element-86e5550 elementor-widget elementor-widget-trx_sc_team\" data-id=\"86e5550\" data-element_type=\"widget\" data-e-type=\"widget\" data-widget_type=\"trx_sc_team.default\">\n\t\t\t\t<div class=\"elementor-widget-container\">\n\t\t\t\t\t<div  id=\"trx_sc_team_785166560\"\t\tclass=\"sc_team sc_team_short\"><div class=\"sc_team_columns_wrap sc_item_columns sc_item_posts_container trx_addons_columns_wrap columns_padding_bottom\"><div class=\"trx_addons_column-1_3\"><div class=\"sc_team_item no_links post-2157 cpt_team type-cpt_team status-publish has-post-thumbnail hentry cpt_team_group-collaborateurs\">\n\t<div class=\"post_featured with_thumb hover_icon sc_team_item_thumb\"><img loading=\"lazy\" decoding=\"async\" width=\"640\" height=\"733\" src=\"https:\/\/bam-avocats.fr\/wp-content\/uploads\/2020\/04\/DSCF4442-640x733.jpg\" class=\"attachment-justitia-thumb-big-vertical size-justitia-thumb-big-vertical wp-post-image\" alt=\"\" srcset=\"https:\/\/bam-avocats.fr\/wp-content\/uploads\/2020\/04\/DSCF4442-640x733.jpg 640w, https:\/\/bam-avocats.fr\/wp-content\/uploads\/2020\/04\/DSCF4442-1280x1466.jpg 1280w\" sizes=\"(max-width: 640px) 100vw, 640px\" \/>\t\t\t\t\t\t<div class=\"mask\"><\/div>\n\t\t\t\t\t\t\t\t\t<div class=\"icons\"><a href=\"https:\/\/bam-avocats.fr\/en_en\/team\/me-melissa-ben-jeddi\/\"  aria-hidden=\"true\" class=\"icon-search-alt\"><\/a><\/div>\n\t\t\t<\/div>\t<div class=\"sc_team_item_info\">\n\t\t<div class=\"sc_team_item_header\">\n            <div class=\"sc_team_item_subtitle\">Avocat<\/div>\n            <h4 class=\"sc_team_item_title\"><a href=\"https:\/\/bam-avocats.fr\/en_en\/team\/me-melissa-ben-jeddi\/\">Me M\u00e9lissa BEN JEDDI<\/a><\/h4>\n\t\t<\/div>\n        <div class=\"sc_team_item_socials socials_wrap\">\n                    <\/div>\n\t<\/div>\n<\/div>\n<\/div><\/div><\/div><!-- \/.sc_team -->\t\t\t\t<\/div>\n\t\t\t\t<\/div>\n\t\t\t\t<div class=\"elementor-element elementor-element-78db2bd elementor-widget elementor-widget-spacer\" data-id=\"78db2bd\" data-element_type=\"widget\" data-e-type=\"widget\" data-widget_type=\"spacer.default\">\n\t\t\t\t<div class=\"elementor-widget-container\">\n\t\t\t\t\t\t\t<div class=\"elementor-spacer\">\n\t\t\t<div class=\"elementor-spacer-inner\"><\/div>\n\t\t<\/div>\n\t\t\t\t\t\t<\/div>\n\t\t\t\t<\/div>\n\t\t\t\t<div class=\"elementor-element elementor-element-2e8063e elementor-widget elementor-widget-trx_sc_title\" data-id=\"2e8063e\" data-element_type=\"widget\" data-e-type=\"widget\" data-widget_type=\"trx_sc_title.default\">\n\t\t\t\t<div class=\"elementor-widget-container\">\n\t\t\t\t\t<div id=\"trx_sc_title_294865680\"\n\t\tclass=\"sc_title sc_title_accent\"><h4 class=\"sc_item_title sc_title_title sc_align_center sc_item_title_style_accent sc_item_title_tag\">Les juristes et assistants juridiques <\/h4><div class=\"sc_item_descr sc_title_descr sc_align_center\"><\/div><\/div><!-- \/.sc_title -->\t\t\t\t<\/div>\n\t\t\t\t<\/div>\n\t\t\t\t<div class=\"elementor-element elementor-element-5cd42cc elementor-widget elementor-widget-spacer\" data-id=\"5cd42cc\" data-element_type=\"widget\" data-e-type=\"widget\" data-widget_type=\"spacer.default\">\n\t\t\t\t<div class=\"elementor-widget-container\">\n\t\t\t\t\t\t\t<div class=\"elementor-spacer\">\n\t\t\t<div class=\"elementor-spacer-inner\"><\/div>\n\t\t<\/div>\n\t\t\t\t\t\t<\/div>\n\t\t\t\t<\/div>\n\t\t\t\t<div class=\"elementor-element elementor-element-8f73a40 elementor-widget elementor-widget-trx_sc_team\" data-id=\"8f73a40\" data-element_type=\"widget\" data-e-type=\"widget\" data-widget_type=\"trx_sc_team.default\">\n\t\t\t\t<div class=\"elementor-widget-container\">\n\t\t\t\t\t<div  id=\"trx_sc_team_503013326\"\t\tclass=\"sc_team sc_team_short\"><div class=\"sc_team_columns_wrap sc_item_columns sc_item_posts_container trx_addons_columns_wrap columns_padding_bottom\"><div class=\"trx_addons_column-1_3\"><div class=\"sc_team_item no_links post-2167 cpt_team type-cpt_team status-publish has-post-thumbnail hentry cpt_team_group-juriste\">\n\t<div class=\"post_featured with_thumb hover_icon sc_team_item_thumb\"><img loading=\"lazy\" decoding=\"async\" width=\"640\" height=\"733\" src=\"https:\/\/bam-avocats.fr\/wp-content\/uploads\/2020\/04\/DSCF4458-640x733.jpg\" class=\"attachment-justitia-thumb-big-vertical size-justitia-thumb-big-vertical wp-post-image\" alt=\"\" srcset=\"https:\/\/bam-avocats.fr\/wp-content\/uploads\/2020\/04\/DSCF4458-640x733.jpg 640w, https:\/\/bam-avocats.fr\/wp-content\/uploads\/2020\/04\/DSCF4458-1280x1466.jpg 1280w\" sizes=\"(max-width: 640px) 100vw, 640px\" \/>\t\t\t\t\t\t<div class=\"mask\"><\/div>\n\t\t\t\t\t\t\t\t\t<div class=\"icons\"><a href=\"https:\/\/bam-avocats.fr\/en_en\/team\/christine-granados\/\"  aria-hidden=\"true\" class=\"icon-search-alt\"><\/a><\/div>\n\t\t\t<\/div>\t<div class=\"sc_team_item_info\">\n\t\t<div class=\"sc_team_item_header\">\n            <div class=\"sc_team_item_subtitle\">Assistante juridique<\/div>\n            <h4 class=\"sc_team_item_title\"><a href=\"https:\/\/bam-avocats.fr\/en_en\/team\/christine-granados\/\">Christine GRANADOS<\/a><\/h4>\n\t\t<\/div>\n        <div class=\"sc_team_item_socials socials_wrap\">\n                    <\/div>\n\t<\/div>\n<\/div>\n<\/div><\/div><\/div><!-- \/.sc_team -->\t\t\t\t<\/div>\n\t\t\t\t<\/div>\n\t\t\t\t<div class=\"elementor-element elementor-element-d70ece6 elementor-widget elementor-widget-spacer\" data-id=\"d70ece6\" data-element_type=\"widget\" data-e-type=\"widget\" data-widget_type=\"spacer.default\">\n\t\t\t\t<div class=\"elementor-widget-container\">\n\t\t\t\t\t\t\t<div class=\"elementor-spacer\">\n\t\t\t<div class=\"elementor-spacer-inner\"><\/div>\n\t\t<\/div>\n\t\t\t\t\t\t<\/div>\n\t\t\t\t<\/div>\n\t\t\t\t\t<\/div>\n\t\t<\/div>\n\t\t\t\t\t<\/div>\n\t\t<\/section>\n\t\t\t\t<section class=\"elementor-section elementor-top-section elementor-element elementor-element-2aced60f elementor-section-stretched elementor-section-boxed elementor-section-height-default elementor-section-height-default\" data-id=\"2aced60f\" data-element_type=\"section\" data-e-type=\"section\" data-settings=\"{&quot;stretch_section&quot;:&quot;section-stretched&quot;,&quot;background_background&quot;:&quot;classic&quot;}\">\n\t\t\t\t\t\t<div class=\"elementor-container elementor-column-gap-extended\">\n\t\t\t\t\t<div class=\"elementor-column elementor-col-100 elementor-top-column elementor-element elementor-element-604429e1 sc_inner_width_none sc_layouts_column_icons_position_left\" data-id=\"604429e1\" data-element_type=\"column\" data-e-type=\"column\">\n\t\t\t<div class=\"elementor-widget-wrap elementor-element-populated\">\n\t\t\t\t\t\t<div class=\"elementor-element elementor-element-4fddb766 elementor-widget elementor-widget-spacer\" data-id=\"4fddb766\" data-element_type=\"widget\" data-e-type=\"widget\" data-widget_type=\"spacer.default\">\n\t\t\t\t<div class=\"elementor-widget-container\">\n\t\t\t\t\t\t\t<div class=\"elementor-spacer\">\n\t\t\t<div class=\"elementor-spacer-inner\"><\/div>\n\t\t<\/div>\n\t\t\t\t\t\t<\/div>\n\t\t\t\t<\/div>\n\t\t\t\t\t<\/div>\n\t\t<\/div>\n\t\t\t\t\t<\/div>\n\t\t<\/section>\n\t\t\t\t<section class=\"elementor-section elementor-top-section elementor-element elementor-element-35b72c2e elementor-section-stretched elementor-section-boxed elementor-section-height-default elementor-section-height-default\" data-id=\"35b72c2e\" data-element_type=\"section\" data-e-type=\"section\" data-settings=\"{&quot;stretch_section&quot;:&quot;section-stretched&quot;,&quot;background_background&quot;:&quot;classic&quot;}\">\n\t\t\t\t\t\t<div class=\"elementor-container elementor-column-gap-extended\">\n\t\t\t\t\t<div class=\"elementor-column elementor-col-100 elementor-top-column elementor-element elementor-element-7f2b4e73 sc_inner_width_none sc_layouts_column_icons_position_left\" data-id=\"7f2b4e73\" data-element_type=\"column\" data-e-type=\"column\">\n\t\t\t<div class=\"elementor-widget-wrap elementor-element-populated\">\n\t\t\t\t\t\t<div class=\"elementor-element elementor-element-21da4195 elementor-widget elementor-widget-spacer\" data-id=\"21da4195\" data-element_type=\"widget\" data-e-type=\"widget\" data-widget_type=\"spacer.default\">\n\t\t\t\t<div class=\"elementor-widget-container\">\n\t\t\t\t\t\t\t<div class=\"elementor-spacer\">\n\t\t\t<div class=\"elementor-spacer-inner\"><\/div>\n\t\t<\/div>\n\t\t\t\t\t\t<\/div>\n\t\t\t\t<\/div>\n\t\t\t\t\t<\/div>\n\t\t<\/div>\n\t\t\t\t\t<\/div>\n\t\t<\/section>\n\t\t\t\t<\/div>","protected":false},"excerpt":{"rendered":"<p>Les Avocats associ\u00e9s Avocat Me Gr\u00e9goire Mercier Avocat Me Fran\u00e7ois Bermond Avocat Me Sol\u00e8ne Mangin Les Avocats collaborateurs Avocat Me M\u00e9lissa BEN JEDDI Les juristes et assistants juridiques Assistante juridique Christine GRANADOS<\/p>","protected":false},"author":1,"featured_media":0,"parent":411,"menu_order":1,"comment_status":"closed","ping_status":"closed","template":"","meta":{"footnotes":""},"class_list":["post-326","page","type-page","status-publish","hentry"],"_links":{"self":[{"href":"https:\/\/bam-avocats.fr\/en_en\/wp-json\/wp\/v2\/pages\/326","targetHints":{"allow":["GET"]}}],"collection":[{"href":"https:\/\/bam-avocats.fr\/en_en\/wp-json\/wp\/v2\/pages"}],"about":[{"href":"https:\/\/bam-avocats.fr\/en_en\/wp-json\/wp\/v2\/types\/page"}],"author":[{"embeddable":true,"href":"https:\/\/bam-avocats.fr\/en_en\/wp-json\/wp\/v2\/users\/1"}],"replies":[{"embeddable":true,"href":"https:\/\/bam-avocats.fr\/en_en\/wp-json\/wp\/v2\/comments?post=326"}],"version-history":[{"count":27,"href":"https:\/\/bam-avocats.fr\/en_en\/wp-json\/wp\/v2\/pages\/326\/revisions"}],"predecessor-version":[{"id":2365,"href":"https:\/\/bam-avocats.fr\/en_en\/wp-json\/wp\/v2\/pages\/326\/revisions\/2365"}],"up":[{"embeddable":true,"href":"https:\/\/bam-avocats.fr\/en_en\/wp-json\/wp\/v2\/pages\/411"}],"wp:attachment":[{"href":"https:\/\/bam-avocats.fr\/en_en\/wp-json\/wp\/v2\/media?parent=326"}],"curies":[{"name":"wp","href":"https:\/\/api.w.org\/{rel}","templated":true}]}}