{"id":238,"date":"2018-07-06T12:03:33","date_gmt":"2018-07-06T10:03:33","guid":{"rendered":"http:\/\/bam-avocats.fr\/?page_id=238"},"modified":"2023-06-13T09:57:00","modified_gmt":"2023-06-13T07:57:00","slug":"domaines-interventions","status":"publish","type":"page","link":"https:\/\/bam-avocats.fr\/en_en\/accueil\/domaines-interventions\/","title":{"rendered":"Les domaines d&#8217;interventions"},"content":{"rendered":"<div data-elementor-type=\"wp-post\" data-elementor-id=\"238\" class=\"elementor elementor-238\" data-elementor-post-type=\"page\">\n\t\t\t\t\t\t<section class=\"elementor-section elementor-top-section elementor-element elementor-element-f11fd2e elementor-section-boxed elementor-section-height-default elementor-section-height-default\" data-id=\"f11fd2e\" data-element_type=\"section\" data-e-type=\"section\">\n\t\t\t\t\t\t<div class=\"elementor-container elementor-column-gap-extended\">\n\t\t\t\t\t<div class=\"elementor-column elementor-col-100 elementor-top-column elementor-element elementor-element-4de7b96 sc_inner_width_none sc_layouts_column_icons_position_left\" data-id=\"4de7b96\" data-element_type=\"column\" data-e-type=\"column\">\n\t\t\t<div class=\"elementor-widget-wrap elementor-element-populated\">\n\t\t\t\t\t\t<div class=\"elementor-element elementor-element-244e2eb elementor-widget elementor-widget-spacer\" data-id=\"244e2eb\" data-element_type=\"widget\" data-e-type=\"widget\" data-widget_type=\"spacer.default\">\n\t\t\t\t<div class=\"elementor-widget-container\">\n\t\t\t\t\t\t\t<div class=\"elementor-spacer\">\n\t\t\t<div class=\"elementor-spacer-inner\"><\/div>\n\t\t<\/div>\n\t\t\t\t\t\t<\/div>\n\t\t\t\t<\/div>\n\t\t\t\t\t<\/div>\n\t\t<\/div>\n\t\t\t\t\t<\/div>\n\t\t<\/section>\n\t\t\t\t<section class=\"elementor-section elementor-top-section elementor-element elementor-element-6ec4e50 elementor-section-boxed elementor-section-height-default elementor-section-height-default\" data-id=\"6ec4e50\" data-element_type=\"section\" data-e-type=\"section\">\n\t\t\t\t\t\t<div class=\"elementor-container elementor-column-gap-extended\">\n\t\t\t\t\t<div class=\"elementor-column elementor-col-100 elementor-top-column elementor-element elementor-element-b543bcd sc_inner_width_none sc_layouts_column_icons_position_left\" data-id=\"b543bcd\" data-element_type=\"column\" data-e-type=\"column\">\n\t\t\t<div class=\"elementor-widget-wrap elementor-element-populated\">\n\t\t\t\t\t\t<div class=\"elementor-element elementor-element-b6123fc elementor-widget elementor-widget-toggle\" data-id=\"b6123fc\" data-element_type=\"widget\" data-e-type=\"widget\" data-widget_type=\"toggle.default\">\n\t\t\t\t<div class=\"elementor-widget-container\">\n\t\t\t\t\t\t\t<div class=\"elementor-toggle\">\n\t\t\t\t\t\t\t<div class=\"elementor-toggle-item\">\n\t\t\t\t\t<h5 id=\"elementor-tab-title-1901\" class=\"elementor-tab-title\" data-tab=\"1\" role=\"button\" aria-controls=\"elementor-tab-content-1901\" aria-expanded=\"false\">\n\t\t\t\t\t\t\t\t\t\t\t\t<span class=\"elementor-toggle-icon elementor-toggle-icon-left\" aria-hidden=\"true\">\n\t\t\t\t\t\t\t\t\t\t\t\t\t\t\t<span class=\"elementor-toggle-icon-closed\"><i class=\"fas fa-plus\"><\/i><\/span>\n\t\t\t\t\t\t\t\t<span class=\"elementor-toggle-icon-opened\"><i class=\"elementor-toggle-icon-opened fas fa-minus\"><\/i><\/span>\n\t\t\t\t\t\t\t\t\t\t\t\t\t<\/span>\n\t\t\t\t\t\t\t\t\t\t\t\t<a class=\"elementor-toggle-title\" tabindex=\"0\">Droit P\u00e9nal<\/a>\n\t\t\t\t\t<\/h5>\n\n\t\t\t\t\t<div id=\"elementor-tab-content-1901\" class=\"elementor-tab-content elementor-clearfix\" data-tab=\"1\" role=\"region\" aria-labelledby=\"elementor-tab-title-1901\"><p>Les Avocats du cabinet BAM AVOCATS se tiennent pr\u00eats \u00e0 intervenir sur tous les dossiers de droit p\u00e9nal et accompagnent les personnes mises en cause, comme les victimes, dans les proc\u00e9dures de toutes natures.<\/p><p><strong><em>Traffic de stup\u00e9fiant, violences, violences conjugales, braquage, cambriolage, association de malfaiteurs, homicide, meurtre, assassinat, p\u00e9dopornographie, harc\u00e8lement, viol, inceste, agression sexuelle, prostitution \/prox\u00e9n\u00e9tisme, menace de mort, conduite en \u00e9tat alcoolique ou sous stup\u00e9fiant, d\u00e9lit de presse, Abus de bien sociaux, etc.<\/em><\/strong><\/p><p>Contraventions, d\u00e9lits ou crimes les plus graves, <strong><u>quelle que soit l\u2019infraction,<\/u><\/strong> votre avocat vous d\u00e9fendra et se tiendra \u00e0 vos c\u00f4t\u00e9s pour faire respecter vos droits.<\/p><p>Les Avocats du cabinet BAM AVOCATS s\u2019adaptent bien \u00e9videment aux nouvelles infractions qui r\u00e9sultent de l\u2019utilisation d\u2019internet et des r\u00e9seaux sociaux (<em>facebook, snapchat, instagram, tiktok, telegram, Darknet ou Darkweb<\/em>\u2026)\u00a0:<\/p><ul><li>Injures et insultes publiques ;<\/li><li>Diffamation\u00a0;<\/li><li>Escroquerie en ligne\u00a0;<\/li><li>Usurpation d\u2019identit\u00e9\u00a0;<\/li><li>Escroquerie bancaire\u00a0;<\/li><li>Cybercriminalit\u00e9.<\/li><\/ul><p>Forts de leurs exp\u00e9riences et leurs comp\u00e9tences, les Avocats du cabinet maitrisent chaque proc\u00e9dure et sauront par cons\u00e9quent vous conseiller, vous assister et d\u00e9finir la strat\u00e9gie p\u00e9nale la plus adapt\u00e9e \u00e0 chaque situation.<\/p><p>De l\u2019enqu\u00eate de police ou de gendarmerie \u00e0 la comparution devant le juge comp\u00e9tent (Tribunal de police, Tribunal correctionnel, Cours d\u2019assises), les Avocats interviennent \u00e0 toutes les \u00e9tapes de la proc\u00e9dure.<\/p><p>Les Avocats de la structure interviennent \u00e9galement en <strong><u>prison<\/u><\/strong>\u00a0:<\/p><ul><li>Am\u00e9nagements de peines ;<\/li><li>Demandes de transfert\u00a0;<\/li><li>Commission de discipline.<\/li><\/ul><p>Que vous soyez victime d\u2019un acte de d\u00e9linquance, que votre proche soit incarc\u00e9r\u00e9 ou que vous soyez directement mis en cause dans une affaire, quelle que soit la nature des faits, les avocats de la structure BAM Avocats vous d\u00e9fendront pour faire valoir vos droits aupr\u00e8s de toutes les juridictions.<\/p><p><strong>En cas d\u2019urgence,<\/strong> nous nous rendons rapidement disponibles\u00a0:<\/p><ul><li>Audition Libre\u00a0;<\/li><li>Garde \u00e0 Vue\u00a0;<\/li><li>D\u00e9ferrement\u00a0;<\/li><li>Comparution imm\u00e9diate.<\/li><\/ul><p>Dans ces cas, et m\u00eame en dehors des heures d\u2019ouverture, un num\u00e9ro de t\u00e9l\u00e9phone mobile est disponible.<\/p><p>N\u2019h\u00e9sitez pas \u00e0 nous laisser un message vocal afin de nous faire part du motif de votre appel ainsi que de votre urgence. Nous nous engageons \u00e0 revenir tr\u00e8s rapidement vers vous.<\/p><\/div>\n\t\t\t\t<\/div>\n\t\t\t\t\t\t\t<div class=\"elementor-toggle-item\">\n\t\t\t\t\t<h5 id=\"elementor-tab-title-1902\" class=\"elementor-tab-title\" data-tab=\"2\" role=\"button\" aria-controls=\"elementor-tab-content-1902\" aria-expanded=\"false\">\n\t\t\t\t\t\t\t\t\t\t\t\t<span class=\"elementor-toggle-icon elementor-toggle-icon-left\" aria-hidden=\"true\">\n\t\t\t\t\t\t\t\t\t\t\t\t\t\t\t<span class=\"elementor-toggle-icon-closed\"><i class=\"fas fa-plus\"><\/i><\/span>\n\t\t\t\t\t\t\t\t<span class=\"elementor-toggle-icon-opened\"><i class=\"elementor-toggle-icon-opened fas fa-minus\"><\/i><\/span>\n\t\t\t\t\t\t\t\t\t\t\t\t\t<\/span>\n\t\t\t\t\t\t\t\t\t\t\t\t<a class=\"elementor-toggle-title\" tabindex=\"0\">Droit p\u00e9nal des mineurs et Droit des enfants<\/a>\n\t\t\t\t\t<\/h5>\n\n\t\t\t\t\t<div id=\"elementor-tab-content-1902\" class=\"elementor-tab-content elementor-clearfix\" data-tab=\"2\" role=\"region\" aria-labelledby=\"elementor-tab-title-1902\"><p>Les avocats de la structure BAM Avocats sont membres de la Fondation de l\u2019Avocat et de l\u2019enfant.<\/p><p>Ils apportent leurs comp\u00e9tences aux enfants mineurs ayant besoin de l\u2019assistance d\u2019un Avocat, devant le Juge pour enfant, mais \u00e9galement devant le Juges aux Affaires Familiales.<\/p><p>Ils interviennent r\u00e9guli\u00e8rement dans la d\u00e9fense des int\u00e9r\u00eats des mineurs\u00a0:<\/p><ul><li>Assistance \u00e9ducative\u00a0;<\/li><li>Audition des enfants\u00a0;<\/li><li>Assistance en garde \u00e0 vue\u00a0;<\/li><li>Mise en examen\u00a0;<\/li><li>Tribunal pour enfants.<\/li><\/ul><\/div>\n\t\t\t\t<\/div>\n\t\t\t\t\t\t\t<div class=\"elementor-toggle-item\">\n\t\t\t\t\t<h5 id=\"elementor-tab-title-1903\" class=\"elementor-tab-title\" data-tab=\"3\" role=\"button\" aria-controls=\"elementor-tab-content-1903\" aria-expanded=\"false\">\n\t\t\t\t\t\t\t\t\t\t\t\t<span class=\"elementor-toggle-icon elementor-toggle-icon-left\" aria-hidden=\"true\">\n\t\t\t\t\t\t\t\t\t\t\t\t\t\t\t<span class=\"elementor-toggle-icon-closed\"><i class=\"fas fa-plus\"><\/i><\/span>\n\t\t\t\t\t\t\t\t<span class=\"elementor-toggle-icon-opened\"><i class=\"elementor-toggle-icon-opened fas fa-minus\"><\/i><\/span>\n\t\t\t\t\t\t\t\t\t\t\t\t\t<\/span>\n\t\t\t\t\t\t\t\t\t\t\t\t<a class=\"elementor-toggle-title\" tabindex=\"0\">Dommage corporel \/ Accidents de la route \/ Assurances<\/a>\n\t\t\t\t\t<\/h5>\n\n\t\t\t\t\t<div id=\"elementor-tab-content-1903\" class=\"elementor-tab-content elementor-clearfix\" data-tab=\"3\" role=\"region\" aria-labelledby=\"elementor-tab-title-1903\"><p>Victime d&#8217;un accident (m\u00e9dical, route) ou d&#8217;une agression, l&#8217;indemnisation des diff\u00e9rents pr\u00e9judices passe par une phase de constitution du dossier, des justificatifs, une phase d&#8217;assistance lors de l&#8217;expertise m\u00e9dicale de la victime pour enfin proc\u00e9der au chiffrage des postes de pr\u00e9judice corporel retenus dans le rapport d&#8217;expertise.<\/p><p>Obtenir r\u00e9paration est essentiel pour permettre \u00e0 la victime de compenser sa perte d\u2019autonomie et reconstruire un nouveau projet de vie, familiale et professionnel, mais \u00e9galement pour les proches qui, en cas de d\u00e9c\u00e8s, risquent de se retrouver dans une situation \u00e9conomique pr\u00e9caire.<\/p><p>Les avocats de la structure BAM Avocats vous assistent de l\u2019expertise m\u00e9dicale \u00e0 la r\u00e9paration totale de vos pr\u00e9judices, avec le souci toujours constant de vous offrir un service personnalis\u00e9 afin de d\u00e9fendre au mieux vos droits de victime.<\/p><p>Nous vous aidons \u00e0 n\u00e9gocier et \u00e0 chiffrer votre indemnisation.<\/p><p>Notre intervention s&#8217;effectue en collaboration avec des m\u00e9decins Experts et des m\u00e9decins de victimes, pour ensuite n\u00e9gocier avec le responsable ou son assurance afin d\u2019obtenir la meilleure indemnisation et la reconnaissance des droits des victimes, en mati\u00e8re d\u2019accident de la route.<\/p><\/div>\n\t\t\t\t<\/div>\n\t\t\t\t\t\t\t<div class=\"elementor-toggle-item\">\n\t\t\t\t\t<h5 id=\"elementor-tab-title-1904\" class=\"elementor-tab-title\" data-tab=\"4\" role=\"button\" aria-controls=\"elementor-tab-content-1904\" aria-expanded=\"false\">\n\t\t\t\t\t\t\t\t\t\t\t\t<span class=\"elementor-toggle-icon elementor-toggle-icon-left\" aria-hidden=\"true\">\n\t\t\t\t\t\t\t\t\t\t\t\t\t\t\t<span class=\"elementor-toggle-icon-closed\"><i class=\"fas fa-plus\"><\/i><\/span>\n\t\t\t\t\t\t\t\t<span class=\"elementor-toggle-icon-opened\"><i class=\"elementor-toggle-icon-opened fas fa-minus\"><\/i><\/span>\n\t\t\t\t\t\t\t\t\t\t\t\t\t<\/span>\n\t\t\t\t\t\t\t\t\t\t\t\t<a class=\"elementor-toggle-title\" tabindex=\"0\">Droit de la famille <\/a>\n\t\t\t\t\t<\/h5>\n\n\t\t\t\t\t<div id=\"elementor-tab-content-1904\" class=\"elementor-tab-content elementor-clearfix\" data-tab=\"4\" role=\"region\" aria-labelledby=\"elementor-tab-title-1904\"><p>Les Avocats sont \u00e0 votre \u00e9coute pour vous accompagner dans toutes les proc\u00e9dures relatives au droit de la famille et au droit des personnes :<\/p><p><strong>Divorce<\/strong><\/p><p>Que ce soit \u00e0 l\u2019amiable (consentement mutuel) ou contentieux (devant le Juge), les Avocats de la structure vous accompagnent tout au long de votre proc\u00e9dure de divorce.<\/p><p><strong>Droit de la personne<\/strong><\/p><p>M\u00eame en absence de mariage, les Avocats de la structure sont \u00e0 votre \u00e9coute pour vous apporter des conseils dans le cadre de\u00a0:<\/p><ul><li>Garde d\u2019enfant, pension alimentaire, autorit\u00e9 parentale, droit de visite et d\u2019h\u00e9bergement ;<\/li><li>La s\u00e9paration ;<\/li><li>Le changement de nom \/ pr\u00e9nom ;<\/li><li>L\u2019adoption\u00a0;<\/li><li>Le PACS &amp; l\u2019union libre ;<\/li><\/ul><\/div>\n\t\t\t\t<\/div>\n\t\t\t\t\t\t\t<div class=\"elementor-toggle-item\">\n\t\t\t\t\t<h5 id=\"elementor-tab-title-1905\" class=\"elementor-tab-title\" data-tab=\"5\" role=\"button\" aria-controls=\"elementor-tab-content-1905\" aria-expanded=\"false\">\n\t\t\t\t\t\t\t\t\t\t\t\t<span class=\"elementor-toggle-icon elementor-toggle-icon-left\" aria-hidden=\"true\">\n\t\t\t\t\t\t\t\t\t\t\t\t\t\t\t<span class=\"elementor-toggle-icon-closed\"><i class=\"fas fa-plus\"><\/i><\/span>\n\t\t\t\t\t\t\t\t<span class=\"elementor-toggle-icon-opened\"><i class=\"elementor-toggle-icon-opened fas fa-minus\"><\/i><\/span>\n\t\t\t\t\t\t\t\t\t\t\t\t\t<\/span>\n\t\t\t\t\t\t\t\t\t\t\t\t<a class=\"elementor-toggle-title\" tabindex=\"0\">Droit immobilier <\/a>\n\t\t\t\t\t<\/h5>\n\n\t\t\t\t\t<div id=\"elementor-tab-content-1905\" class=\"elementor-tab-content elementor-clearfix\" data-tab=\"5\" role=\"region\" aria-labelledby=\"elementor-tab-title-1905\"><p>Le droit immobilier est un domaine relevant d&#8217;une r\u00e9glementation complexe et donnant lieu \u00e0 un contentieux important.<\/p><p>En tant que <strong>syndicat de copropri\u00e9taires ou syndic<\/strong>, vous pouvez rencontrer des probl\u00e8mes de non-paiements des charges ou en lien avec les assembl\u00e9es g\u00e9n\u00e9rales ordinaires ou extraordinaires.<\/p><p>En tant que <strong>propri\u00e9taire<\/strong> vous pouvez rencontrer des probl\u00e8mes avec votre locataire qui ne vous paie pas les loyers, qui d\u00e9grade vos locaux, etc.<\/p><p>Que vous soyez bailleur, locataire, syndic, les avocats de la structure BAM Avocats vous apportent les conseils n\u00e9cessaires et assure la d\u00e9fense de vos int\u00e9r\u00eats devant les juridictions comp\u00e9tentes.<\/p><\/div>\n\t\t\t\t<\/div>\n\t\t\t\t\t\t\t\t<\/div>\n\t\t\t\t\t\t<\/div>\n\t\t\t\t<\/div>\n\t\t\t\t\t<\/div>\n\t\t<\/div>\n\t\t\t\t\t<\/div>\n\t\t<\/section>\n\t\t\t\t<section class=\"elementor-section elementor-top-section elementor-element elementor-element-33f9808 elementor-section-boxed elementor-section-height-default elementor-section-height-default\" data-id=\"33f9808\" data-element_type=\"section\" data-e-type=\"section\">\n\t\t\t\t\t\t<div class=\"elementor-container elementor-column-gap-extended\">\n\t\t\t\t\t<div class=\"elementor-column elementor-col-100 elementor-top-column elementor-element elementor-element-08a0f10 sc_inner_width_none sc_layouts_column_icons_position_left\" data-id=\"08a0f10\" data-element_type=\"column\" data-e-type=\"column\">\n\t\t\t<div class=\"elementor-widget-wrap elementor-element-populated\">\n\t\t\t\t\t\t<div class=\"elementor-element elementor-element-6f47868 elementor-widget elementor-widget-spacer\" data-id=\"6f47868\" data-element_type=\"widget\" data-e-type=\"widget\" data-widget_type=\"spacer.default\">\n\t\t\t\t<div class=\"elementor-widget-container\">\n\t\t\t\t\t\t\t<div class=\"elementor-spacer\">\n\t\t\t<div class=\"elementor-spacer-inner\"><\/div>\n\t\t<\/div>\n\t\t\t\t\t\t<\/div>\n\t\t\t\t<\/div>\n\t\t\t\t\t<\/div>\n\t\t<\/div>\n\t\t\t\t\t<\/div>\n\t\t<\/section>\n\t\t\t\t<\/div>","protected":false},"excerpt":{"rendered":"<p>Droit P\u00e9nal Les Avocats du cabinet BAM AVOCATS se tiennent pr\u00eats \u00e0 intervenir sur tous les dossiers de droit p\u00e9nal et accompagnent les personnes mises en cause, comme les victimes, dans les proc\u00e9dures de toutes natures. Traffic&hellip;<\/p>","protected":false},"author":1,"featured_media":0,"parent":411,"menu_order":2,"comment_status":"closed","ping_status":"closed","template":"","meta":{"footnotes":""},"class_list":["post-238","page","type-page","status-publish","hentry"],"_links":{"self":[{"href":"https:\/\/bam-avocats.fr\/en_en\/wp-json\/wp\/v2\/pages\/238","targetHints":{"allow":["GET"]}}],"collection":[{"href":"https:\/\/bam-avocats.fr\/en_en\/wp-json\/wp\/v2\/pages"}],"about":[{"href":"https:\/\/bam-avocats.fr\/en_en\/wp-json\/wp\/v2\/types\/page"}],"author":[{"embeddable":true,"href":"https:\/\/bam-avocats.fr\/en_en\/wp-json\/wp\/v2\/users\/1"}],"replies":[{"embeddable":true,"href":"https:\/\/bam-avocats.fr\/en_en\/wp-json\/wp\/v2\/comments?post=238"}],"version-history":[{"count":17,"href":"https:\/\/bam-avocats.fr\/en_en\/wp-json\/wp\/v2\/pages\/238\/revisions"}],"predecessor-version":[{"id":2270,"href":"https:\/\/bam-avocats.fr\/en_en\/wp-json\/wp\/v2\/pages\/238\/revisions\/2270"}],"up":[{"embeddable":true,"href":"https:\/\/bam-avocats.fr\/en_en\/wp-json\/wp\/v2\/pages\/411"}],"wp:attachment":[{"href":"https:\/\/bam-avocats.fr\/en_en\/wp-json\/wp\/v2\/media?parent=238"}],"curies":[{"name":"wp","href":"https:\/\/api.w.org\/{rel}","templated":true}]}}