{"id":52,"date":"2018-07-05T07:24:41","date_gmt":"2018-07-05T05:24:41","guid":{"rendered":"http:\/\/bam-avocats.fr\/?page_id=52"},"modified":"2020-05-09T09:47:58","modified_gmt":"2020-05-09T07:47:58","slug":"mentions-legales","status":"publish","type":"page","link":"http:\/\/bam-avocats.fr\/en_en\/accueil\/contact\/mentions-legales\/","title":{"rendered":"Mentions l\u00e9gales"},"content":{"rendered":"<div data-elementor-type=\"wp-post\" data-elementor-id=\"52\" class=\"elementor elementor-52\" data-elementor-post-type=\"page\">\n\t\t\t\t\t\t<section class=\"elementor-section elementor-top-section elementor-element elementor-element-1a7fda31 elementor-section-boxed elementor-section-height-default elementor-section-height-default\" data-id=\"1a7fda31\" data-element_type=\"section\" data-e-type=\"section\" data-settings=\"{&quot;background_background&quot;:&quot;classic&quot;}\">\n\t\t\t\t\t\t<div class=\"elementor-container elementor-column-gap-extended\">\n\t\t\t\t\t<div class=\"elementor-column elementor-col-100 elementor-top-column elementor-element elementor-element-73031e3d sc_inner_width_none sc_layouts_column_icons_position_left\" data-id=\"73031e3d\" data-element_type=\"column\" data-e-type=\"column\">\n\t\t\t<div class=\"elementor-widget-wrap elementor-element-populated\">\n\t\t\t\t\t\t<div class=\"elementor-element elementor-element-1db72282 elementor-widget elementor-widget-text-editor\" data-id=\"1db72282\" data-element_type=\"widget\" data-e-type=\"widget\" data-widget_type=\"text-editor.default\">\n\t\t\t\t<div class=\"elementor-widget-container\">\n\t\t\t\t\t\t\t\t\t<h5 id=\"u896-2\">SITE,\u00a0CI-APR\u00c8S &#8220;LE SITE&#8221;<\/h5><p id=\"u896-7\" class=\"ts-Style-de-lien-par-d-faut--copie\"><a href=\"http:\/\/bam-avocats.fr\/en_en\/\">www.bam-avocats.fr<\/a><\/p><h5 id=\"u896-12\">DIRECTEUR DE PUBLICATION DU SITE<\/h5><p id=\"u896-15\">Mr Gr\u00e9goire Mercier<\/p><h5 id=\"u896-20\">EDITEUR DU SITE, CI-APR\u00c8S &#8220;L\u2019EDITEUR&#8221;<\/h5><p id=\"u896-23\"><strong>BAM AVOCATS<\/strong><\/p><p id=\"u896-25\">SCM au capital de 200 euros, dont le si\u00e8ge social est \u00e0 BEZIERS (34500), avenue Saint Sa\u00ebns n\u00b041, immatricul\u00e9e au RCS de BEZIERS sous le num\u00e9ro 838 252 377<\/p><p id=\"u896-30\" class=\"ts-Style-de-lien-par-d-faut--copie\"><a href=\"mailto:contact@bam-avocats.fr\">contact@bam-avocats.fr<\/a><\/p><h5 id=\"u896-34\">CONCEPTION ET R\u00c9ALISATION DU SITE, CI-APR\u00c8S &#8220;LE R\u00c9ALISATEUR&#8221;<\/h5><p id=\"u896-37\"><strong>AGENCE CREATIVO<\/strong><\/p><p id=\"u896-39\">SARL au capital de 1.000 euros, dont le si\u00e8ge social est \u00e0 BEZIERS (34500), rue Fran\u00e7aise n\u00b040, immatricul\u00e9e au RCS de BEZIERS sous le num\u00e9ro 535 048\u00a0508<\/p><p id=\"u896-44\" class=\"ts-Style-de-lien-par-d-faut--copie\"><a class=\"nonblock\" href=\"mailto:contact@agencecreativo.com\"><span id=\"u896-42\">contact@agencecreativo.com<\/span><\/a><\/p><h5 id=\"u896-48\">H\u00c9BERGEMENT DU SITE<\/h5><p id=\"u896-51\"><strong>OVH<\/strong><\/p><p id=\"u896-53\">SAS au capital de 10.000.000 euros, Code APE 6202A, dont le si\u00e8ge social est \u00e0 ROUBAIX (59100), rue Kellermann n\u00b02, immatricul\u00e9e au RCS de ROUBAIX-TOURCOING sous le num\u00e9ro 424 761 419<\/p>\t\t\t\t\t\t\t\t<\/div>\n\t\t\t\t<\/div>\n\t\t\t\t\t<\/div>\n\t\t<\/div>\n\t\t\t\t\t<\/div>\n\t\t<\/section>\n\t\t\t\t<section class=\"elementor-section elementor-top-section elementor-element elementor-element-588da5bc elementor-section-boxed elementor-section-height-default elementor-section-height-default\" data-id=\"588da5bc\" data-element_type=\"section\" data-e-type=\"section\">\n\t\t\t\t\t\t<div class=\"elementor-container elementor-column-gap-extended\">\n\t\t\t\t\t<div class=\"elementor-column elementor-col-100 elementor-top-column elementor-element elementor-element-3470b183 sc_inner_width_none sc_layouts_column_icons_position_left\" data-id=\"3470b183\" data-element_type=\"column\" data-e-type=\"column\">\n\t\t\t<div class=\"elementor-widget-wrap elementor-element-populated\">\n\t\t\t\t\t\t<div class=\"elementor-element elementor-element-7bf51c1 elementor-widget elementor-widget-spacer\" data-id=\"7bf51c1\" data-element_type=\"widget\" data-e-type=\"widget\" data-widget_type=\"spacer.default\">\n\t\t\t\t<div class=\"elementor-widget-container\">\n\t\t\t\t\t\t\t<div class=\"elementor-spacer\">\n\t\t\t<div class=\"elementor-spacer-inner\"><\/div>\n\t\t<\/div>\n\t\t\t\t\t\t<\/div>\n\t\t\t\t<\/div>\n\t\t\t\t\t<\/div>\n\t\t<\/div>\n\t\t\t\t\t<\/div>\n\t\t<\/section>\n\t\t\t\t<section class=\"elementor-section elementor-top-section elementor-element elementor-element-5809647f elementor-section-boxed elementor-section-height-default elementor-section-height-default\" data-id=\"5809647f\" data-element_type=\"section\" data-e-type=\"section\" data-settings=\"{&quot;background_background&quot;:&quot;classic&quot;}\">\n\t\t\t\t\t\t<div class=\"elementor-container elementor-column-gap-extended\">\n\t\t\t\t\t<div class=\"elementor-column elementor-col-100 elementor-top-column elementor-element elementor-element-1106cd84 sc_inner_width_none sc_layouts_column_icons_position_left\" data-id=\"1106cd84\" data-element_type=\"column\" data-e-type=\"column\">\n\t\t\t<div class=\"elementor-widget-wrap elementor-element-populated\">\n\t\t\t\t\t\t<div class=\"elementor-element elementor-element-777675ba elementor-widget elementor-widget-text-editor\" data-id=\"777675ba\" data-element_type=\"widget\" data-e-type=\"widget\" data-widget_type=\"text-editor.default\">\n\t\t\t\t<div class=\"elementor-widget-container\">\n\t\t\t\t\t\t\t\t\t<h5 id=\"u897-2\">ARTICLE 1 \u2013 CONTENU DU SITE<\/h5><p id=\"u897-5\">Toutes les marques, photographies, textes, commentaires, illustrations, images anim\u00e9es ou non, s\u00e9quences vid\u00e9o, sons, ainsi que toutes les applications informatiques qui pourraient \u00eatre utilis\u00e9es pour faire fonctionner ce Site et plus g\u00e9n\u00e9ralement tous les \u00e9l\u00e9ments reproduits ou utilis\u00e9s sur le Site sont prot\u00e9g\u00e9s par les lois en vigueur au titre de la propri\u00e9t\u00e9 intellectuelle. Ils sont la propri\u00e9t\u00e9 pleine et enti\u00e8re de l&#8217;Editeur ou de ses partenaires.<\/p><p id=\"u897-8\">Toute reproduction, repr\u00e9sentation, utilisation ou adaptation, sous quelque forme que ce soit, de tout ou partie de ces \u00e9l\u00e9ments, y compris les applications informatiques, sans l&#8217;accord pr\u00e9alable et \u00e9crit de l&#8217;Editeur, sont strictement interdites. Le fait pour l&#8217;Editeur de ne pas engager de proc\u00e9dure d\u00e8s la prise de connaissance de ces utilisations non autoris\u00e9es ne vaut pas acceptation desdites utilisations et renonciation aux poursuites.<\/p><h5 id=\"u897-13\">ARTICLE 2 \u2013 GESTION DU SITE<\/h5><p id=\"u897-16\">Pour la bonne gestion du site, l&#8217;Editeur pourra \u00e0 tout moment\u00a0:<\/p><ul><li id=\"u897-19\">Suspendre, interrompre ou limiter l&#8217;acc\u00e8s \u00e0 tout ou partie du Site, r\u00e9server l&#8217;acc\u00e8s\u00a0 au Site, ou \u00e0 certaines parties du Site, \u00e0 une cat\u00e9gorie d\u00e9termin\u00e9e d&#8217;internaute ;<\/li><li>Supprimer toute information pouvant en perturber le fonctionnement ou entrant en\u00a0 contravention avec les lois nationales ou internationales ;<\/li><li id=\"u897-25\">Suspendre le Site afin de proc\u00e9der \u00e0 des mises \u00e0 jour.<\/li><\/ul><h5 id=\"u897-30\">ARTICLE 3 \u2013 RESPONSABILIT\u00c9S<\/h5><p id=\"u897-33\">La responsabilit\u00e9 de l&#8217;Editeur ne peut \u00eatre engag\u00e9e en cas de d\u00e9faillance, panne, difficult\u00e9 ou interruption de fonctionnement, emp\u00eachant l&#8217;acc\u00e8s au Site ou \u00e0 une de ses fonctionnalit\u00e9s.<\/p><p id=\"u897-36\">Le mat\u00e9riel de connexion au Site que vous utilisez est sous votre enti\u00e8re responsabilit\u00e9. Vous devez prendre toutes les mesures appropri\u00e9es pour prot\u00e9ger votre mat\u00e9riel et vos propres donn\u00e9es notamment d&#8217;attaques virales par Internet. Vous \u00eates par ailleurs le seul responsable des sites et donn\u00e9es que vous consultez.<\/p><p id=\"u897-39\">L&#8217;Editeur ne pourra \u00eatre tenu responsable en cas de poursuites judiciaires \u00e0 votre encontre :<\/p><ul><li id=\"u897-42\">du fait de l&#8217;usage du Site ou de tout service accessible via Internet ;<\/li><li id=\"u897-45\">du fait du non-respect par vous des pr\u00e9sentes conditions d\u2019utilisation.<\/li><\/ul><p id=\"u897-48\">L&#8217;Editeur n&#8217;est pas responsable des dommages caus\u00e9s \u00e0 vous-m\u00eame, \u00e0 des tiers et\/ou \u00e0 votre \u00e9quipement du fait de votre connexion ou de votre utilisation du Site et vous renoncez \u00e0 toute action contre lui de ce fait.<\/p><h5 id=\"u897-53\">ARTICLE 4 \u2013 LIENS HYPERTEXTES<\/h5><p id=\"u897-56\">Le R\u00e9alisateur et l\u2019Editeur du Site d\u00e9clinent toute responsabilit\u00e9 quant \u00e0 toute information rendue accessible depuis le Site via un lien quel qu\u2019il soit, lesdites informations n\u2019\u00e9tant pas sous leur contr\u00f4le.<\/p><p id=\"u897-59\">La mise en place par vous de tous liens hypertextes vers tout ou partie du Site est strictement interdite, sauf autorisation pr\u00e9alable et \u00e9crite de l&#8217;Editeur.<\/p><p id=\"u897-62\">L&#8217;Editeur est libre de refuser cette autorisation sans avoir \u00e0 justifier de quelque mani\u00e8re que ce soit sa d\u00e9cision. Dans le cas o\u00f9 l&#8217;Editeur accorderait son autorisation, celle-ci n&#8217;est dans tous les cas que temporaire et pourra \u00eatre retir\u00e9e \u00e0 tout moment, sans obligation de justification.<\/p><p id=\"u897-65\">Dans tous les cas, tout lien devra \u00eatre retir\u00e9 sur simple demande de l&#8217;Editeur.<\/p><h5 id=\"u897-70\">ARTICLE 5 \u2013 COLLECTE DE DONN\u00c9ES<\/h5><p id=\"u897-73\">Vous pouvez consulter le Site de fa\u00e7on anonyme sans fournir la moindre information personnelle.<\/p><p id=\"u897-75\">Les informations que vous communiquerez sont exclusivement destin\u00e9es \u00e0 l\u2019Editeur et ne seront jamais utilis\u00e9es \u00e0 d\u2019autres fins que celles pour lesquelles vous les avez communiqu\u00e9es.<\/p><p id=\"u897-78\">Conform\u00e9ment aux dispositions de la loi n\u00b0\u00a078-17 du 6 janvier 1978 modifi\u00e9e, relative \u00e0 l&#8217;informatique, aux fichiers et aux libert\u00e9s, vous disposez d&#8217;un droit d&#8217;acc\u00e8s, d&#8217;interrogation, de modification et de suppression des informations qui vous concernent, \u00e0 exercer \u00e0 tout moment aupr\u00e8s de l&#8217;Editeur, soit par courrier postal, soit par courriel, aux adresses de l\u2019Editeur mentionn\u00e9es \u00e0 l\u2019Article 1 des pr\u00e9sentes conditions d\u2019utilisation.<\/p><p id=\"u897-81\">Pour des raisons de s\u00e9curit\u00e9 et \u00e9viter toute demande frauduleuse, cette demande devra \u00eatre accompagn\u00e9e d&#8217;un justificatif d&#8217;identit\u00e9. Apr\u00e8s traitement de la demande ce justificatif sera d\u00e9truit.<\/p><p id=\"u897-86\" style=\"text-align: right;\"><strong>Mis \u00e0 jour le 09 mai 2020,<\/strong><\/p>\t\t\t\t\t\t\t\t<\/div>\n\t\t\t\t<\/div>\n\t\t\t\t\t<\/div>\n\t\t<\/div>\n\t\t\t\t\t<\/div>\n\t\t<\/section>\n\t\t\t\t<section class=\"elementor-section elementor-top-section elementor-element elementor-element-1414512f elementor-section-boxed elementor-section-height-default elementor-section-height-default\" data-id=\"1414512f\" data-element_type=\"section\" data-e-type=\"section\">\n\t\t\t\t\t\t<div class=\"elementor-container elementor-column-gap-extended\">\n\t\t\t\t\t<div class=\"elementor-column elementor-col-100 elementor-top-column elementor-element elementor-element-3b317577 sc_inner_width_none sc_layouts_column_icons_position_left\" data-id=\"3b317577\" data-element_type=\"column\" data-e-type=\"column\">\n\t\t\t<div class=\"elementor-widget-wrap elementor-element-populated\">\n\t\t\t\t\t\t<div class=\"elementor-element elementor-element-6ea22bd3 elementor-widget elementor-widget-spacer\" data-id=\"6ea22bd3\" data-element_type=\"widget\" data-e-type=\"widget\" data-widget_type=\"spacer.default\">\n\t\t\t\t<div class=\"elementor-widget-container\">\n\t\t\t\t\t\t\t<div class=\"elementor-spacer\">\n\t\t\t<div class=\"elementor-spacer-inner\"><\/div>\n\t\t<\/div>\n\t\t\t\t\t\t<\/div>\n\t\t\t\t<\/div>\n\t\t\t\t\t<\/div>\n\t\t<\/div>\n\t\t\t\t\t<\/div>\n\t\t<\/section>\n\t\t\t\t<\/div>","protected":false},"excerpt":{"rendered":"<p>SITE,\u00a0CI-APR\u00c8S &#8220;LE SITE&#8221; www.bam-avocats.fr DIRECTEUR DE PUBLICATION DU SITE Mr Gr\u00e9goire Mercier EDITEUR DU SITE, CI-APR\u00c8S &#8220;L\u2019EDITEUR&#8221; BAM AVOCATS SCM au capital de 200 euros, dont le si\u00e8ge social est \u00e0 BEZIERS (34500), avenue Saint Sa\u00ebns n\u00b041,&hellip;<\/p>","protected":false},"author":1,"featured_media":0,"parent":207,"menu_order":1,"comment_status":"closed","ping_status":"closed","template":"","meta":{"footnotes":""},"class_list":["post-52","page","type-page","status-publish","hentry"],"_links":{"self":[{"href":"http:\/\/bam-avocats.fr\/en_en\/wp-json\/wp\/v2\/pages\/52","targetHints":{"allow":["GET"]}}],"collection":[{"href":"http:\/\/bam-avocats.fr\/en_en\/wp-json\/wp\/v2\/pages"}],"about":[{"href":"http:\/\/bam-avocats.fr\/en_en\/wp-json\/wp\/v2\/types\/page"}],"author":[{"embeddable":true,"href":"http:\/\/bam-avocats.fr\/en_en\/wp-json\/wp\/v2\/users\/1"}],"replies":[{"embeddable":true,"href":"http:\/\/bam-avocats.fr\/en_en\/wp-json\/wp\/v2\/comments?post=52"}],"version-history":[{"count":2,"href":"http:\/\/bam-avocats.fr\/en_en\/wp-json\/wp\/v2\/pages\/52\/revisions"}],"predecessor-version":[{"id":1990,"href":"http:\/\/bam-avocats.fr\/en_en\/wp-json\/wp\/v2\/pages\/52\/revisions\/1990"}],"up":[{"embeddable":true,"href":"http:\/\/bam-avocats.fr\/en_en\/wp-json\/wp\/v2\/pages\/207"}],"wp:attachment":[{"href":"http:\/\/bam-avocats.fr\/en_en\/wp-json\/wp\/v2\/media?parent=52"}],"curies":[{"name":"wp","href":"https:\/\/api.w.org\/{rel}","templated":true}]}}